{"id":16,"date":"2024-11-19T15:03:22","date_gmt":"2024-11-19T14:03:22","guid":{"rendered":"https:\/\/wp1.themevibrant.com\/newwp\/poolix\/?page_id=16"},"modified":"2024-11-19T15:07:17","modified_gmt":"2024-11-19T14:07:17","slug":"mentions-legales","status":"publish","type":"page","link":"https:\/\/2mpiscine.com\/index.php\/mentions-legales\/","title":{"rendered":"Mentions l\u00e9gales"},"content":{"rendered":"\t\t<div data-elementor-type=\"wp-page\" data-elementor-id=\"16\" class=\"elementor elementor-16\">\n\t\t\t\t<div class=\"elementor-element elementor-element-7539443c e-flex e-con-boxed e-con e-parent\" data-id=\"7539443c\" data-element_type=\"container\">\n\t\t\t\t\t<div class=\"e-con-inner\">\n\t\t\t\t<div class=\"elementor-element elementor-element-428cab10 elementor-widget elementor-widget-text-editor\" data-id=\"428cab10\" data-element_type=\"widget\" data-widget_type=\"text-editor.default\">\n\t\t\t\t<div class=\"elementor-widget-container\">\n\t\t\t\t\t\t\t<!-- wp:paragraph -->\n<p><b>Mentions l\u00e9gales<\/b><\/p>\n<!-- \/wp:paragraph --><!-- wp:paragraph -->\n<h3>Informations relatives \u00e0 l&#8217;\u00e9diteur du site<\/h3>\n<!-- \/wp:paragraph --><!-- wp:paragraph -->\n<p><em>D\u00e9nomination sociale :<\/em> 2M Piscine SARL<\/p>\n<p><em>Adresse du si\u00e8ge social :<\/em> 130 Route de Saint-Gervais &#8211; 30200 Bagnols-sur-C\u00e8ze <a href=\"https:\/\/www.societe.com\/entreprises\/202_za%20de%20prato%203\/84210_PERNES%20LES%20FONTAINES.html\"><br \/><\/a><\/p>\n<p><em>RCS :<\/em> Nimes B 887 501 336<\/p>\n<p><em>T\u00e9l\u00e9phone :<\/em> 04 66 50 86 03<\/p>\n<p><em>Directeur de la publication :<\/em> Muriel CHANUT<\/p>\n<h3>Informations relatives \u00e0 l&#8217;h\u00e9bergeur du site<\/h3>\n<p>OVH SAS<\/p>\n<p>2, rue Kellermann 59100 Roubaix<\/p>\n<p><a href=\"https:\/\/www.ovhcloud.com\/fr\/\" target=\"_blank\" rel=\"noopener\">www.ovh.com<\/a><\/p>\n<p>08 20 32 03 63<\/p>\n<p>\u00a0<\/p>\n<!-- \/wp:paragraph -->\t\t\t\t\t\t<\/div>\n\t\t\t\t<\/div>\n\t\t\t\t\t<\/div>\n\t\t\t\t<\/div>\n\t\t\t\t<\/div>\n\t\t","protected":false},"excerpt":{"rendered":"<p>Mentions l\u00e9gales Informations relatives \u00e0 l&#8217;\u00e9diteur du site D\u00e9nomination sociale : 2M Piscine SARL Adresse du si\u00e8ge social : 130 Route de Saint-Gervais &#8211; 30200 Bagnols-sur-C\u00e8ze RCS : Nimes B 887 501 336 T\u00e9l\u00e9phone : 04 66 50 86 03 Directeur de la publication : Muriel CHANUT Informations relatives \u00e0 l&#8217;h\u00e9bergeur du site OVH SAS [&hellip;]<\/p>\n","protected":false},"author":1,"featured_media":0,"parent":0,"menu_order":0,"comment_status":"closed","ping_status":"closed","template":"","meta":{"footnotes":""},"class_list":["post-16","page","type-page","status-publish","hentry"],"yoast_head":"<!-- This site is optimized with the Yoast SEO plugin v23.9 - https:\/\/yoast.com\/wordpress\/plugins\/seo\/ -->\n<title>Mentions l\u00e9gales - 2M Piscine Bagnols-sur-C\u00e8ze<\/title>\n<meta name=\"robots\" content=\"index, follow, max-snippet:-1, max-image-preview:large, max-video-preview:-1\" \/>\n<link rel=\"canonical\" href=\"https:\/\/2mpiscine.com\/index.php\/mentions-legales\/\" \/>\n<meta property=\"og:locale\" content=\"fr_FR\" \/>\n<meta property=\"og:type\" content=\"article\" \/>\n<meta property=\"og:title\" content=\"Mentions l\u00e9gales - 2M Piscine Bagnols-sur-C\u00e8ze\" \/>\n<meta property=\"og:description\" content=\"Mentions l\u00e9gales Informations relatives \u00e0 l&#8217;\u00e9diteur du site D\u00e9nomination sociale : 2M Piscine SARL Adresse du si\u00e8ge social : 130 Route de Saint-Gervais &#8211; 30200 Bagnols-sur-C\u00e8ze RCS : Nimes B 887 501 336 T\u00e9l\u00e9phone : 04 66 50 86 03 Directeur de la publication : Muriel CHANUT Informations relatives \u00e0 l&#8217;h\u00e9bergeur du site OVH SAS [&hellip;]\" \/>\n<meta property=\"og:url\" content=\"https:\/\/2mpiscine.com\/index.php\/mentions-legales\/\" \/>\n<meta property=\"og:site_name\" content=\"2M Piscine Bagnols-sur-C\u00e8ze\" \/>\n<meta property=\"article:modified_time\" content=\"2024-11-19T14:07:17+00:00\" \/>\n<meta name=\"twitter:card\" content=\"summary_large_image\" \/>\n<script type=\"application\/ld+json\" class=\"yoast-schema-graph\">{\"@context\":\"https:\/\/schema.org\",\"@graph\":[{\"@type\":\"WebPage\",\"@id\":\"https:\/\/2mpiscine.com\/index.php\/mentions-legales\/\",\"url\":\"https:\/\/2mpiscine.com\/index.php\/mentions-legales\/\",\"name\":\"Mentions l\u00e9gales - 2M Piscine Bagnols-sur-C\u00e8ze\",\"isPartOf\":{\"@id\":\"https:\/\/2mpiscine.com\/#website\"},\"datePublished\":\"2024-11-19T14:03:22+00:00\",\"dateModified\":\"2024-11-19T14:07:17+00:00\",\"breadcrumb\":{\"@id\":\"https:\/\/2mpiscine.com\/index.php\/mentions-legales\/#breadcrumb\"},\"inLanguage\":\"fr-FR\",\"potentialAction\":[{\"@type\":\"ReadAction\",\"target\":[\"https:\/\/2mpiscine.com\/index.php\/mentions-legales\/\"]}]},{\"@type\":\"BreadcrumbList\",\"@id\":\"https:\/\/2mpiscine.com\/index.php\/mentions-legales\/#breadcrumb\",\"itemListElement\":[{\"@type\":\"ListItem\",\"position\":1,\"name\":\"Accueil\",\"item\":\"https:\/\/2mpiscine.com\/\"},{\"@type\":\"ListItem\",\"position\":2,\"name\":\"Mentions l\u00e9gales\"}]},{\"@type\":\"WebSite\",\"@id\":\"https:\/\/2mpiscine.com\/#website\",\"url\":\"https:\/\/2mpiscine.com\/\",\"name\":\"2M Piscine Bagnols-sur-C\u00e8ze\",\"description\":\"Vente de produits, mat\u00e9riel et accessoires pour piscine\",\"publisher\":{\"@id\":\"https:\/\/2mpiscine.com\/#organization\"},\"potentialAction\":[{\"@type\":\"SearchAction\",\"target\":{\"@type\":\"EntryPoint\",\"urlTemplate\":\"https:\/\/2mpiscine.com\/?s={search_term_string}\"},\"query-input\":{\"@type\":\"PropertyValueSpecification\",\"valueRequired\":true,\"valueName\":\"search_term_string\"}}],\"inLanguage\":\"fr-FR\"},{\"@type\":\"Organization\",\"@id\":\"https:\/\/2mpiscine.com\/#organization\",\"name\":\"2M Piscine Bagnols-sur-C\u00e8ze\",\"url\":\"https:\/\/2mpiscine.com\/\",\"logo\":{\"@type\":\"ImageObject\",\"inLanguage\":\"fr-FR\",\"@id\":\"https:\/\/2mpiscine.com\/#\/schema\/logo\/image\/\",\"url\":\"https:\/\/2mpiscine.com\/wp-content\/uploads\/2024\/11\/cropped-2m-piscine-bagnols-sur-ceze.png\",\"contentUrl\":\"https:\/\/2mpiscine.com\/wp-content\/uploads\/2024\/11\/cropped-2m-piscine-bagnols-sur-ceze.png\",\"width\":857,\"height\":250,\"caption\":\"2M Piscine Bagnols-sur-C\u00e8ze\"},\"image\":{\"@id\":\"https:\/\/2mpiscine.com\/#\/schema\/logo\/image\/\"}}]}<\/script>\n<!-- \/ Yoast SEO plugin. -->","yoast_head_json":{"title":"Mentions l\u00e9gales - 2M Piscine Bagnols-sur-C\u00e8ze","robots":{"index":"index","follow":"follow","max-snippet":"max-snippet:-1","max-image-preview":"max-image-preview:large","max-video-preview":"max-video-preview:-1"},"canonical":"https:\/\/2mpiscine.com\/index.php\/mentions-legales\/","og_locale":"fr_FR","og_type":"article","og_title":"Mentions l\u00e9gales - 2M Piscine Bagnols-sur-C\u00e8ze","og_description":"Mentions l\u00e9gales Informations relatives \u00e0 l&#8217;\u00e9diteur du site D\u00e9nomination sociale : 2M Piscine SARL Adresse du si\u00e8ge social : 130 Route de Saint-Gervais &#8211; 30200 Bagnols-sur-C\u00e8ze RCS : Nimes B 887 501 336 T\u00e9l\u00e9phone : 04 66 50 86 03 Directeur de la publication : Muriel CHANUT Informations relatives \u00e0 l&#8217;h\u00e9bergeur du site OVH SAS [&hellip;]","og_url":"https:\/\/2mpiscine.com\/index.php\/mentions-legales\/","og_site_name":"2M Piscine Bagnols-sur-C\u00e8ze","article_modified_time":"2024-11-19T14:07:17+00:00","twitter_card":"summary_large_image","schema":{"@context":"https:\/\/schema.org","@graph":[{"@type":"WebPage","@id":"https:\/\/2mpiscine.com\/index.php\/mentions-legales\/","url":"https:\/\/2mpiscine.com\/index.php\/mentions-legales\/","name":"Mentions l\u00e9gales - 2M Piscine Bagnols-sur-C\u00e8ze","isPartOf":{"@id":"https:\/\/2mpiscine.com\/#website"},"datePublished":"2024-11-19T14:03:22+00:00","dateModified":"2024-11-19T14:07:17+00:00","breadcrumb":{"@id":"https:\/\/2mpiscine.com\/index.php\/mentions-legales\/#breadcrumb"},"inLanguage":"fr-FR","potentialAction":[{"@type":"ReadAction","target":["https:\/\/2mpiscine.com\/index.php\/mentions-legales\/"]}]},{"@type":"BreadcrumbList","@id":"https:\/\/2mpiscine.com\/index.php\/mentions-legales\/#breadcrumb","itemListElement":[{"@type":"ListItem","position":1,"name":"Accueil","item":"https:\/\/2mpiscine.com\/"},{"@type":"ListItem","position":2,"name":"Mentions l\u00e9gales"}]},{"@type":"WebSite","@id":"https:\/\/2mpiscine.com\/#website","url":"https:\/\/2mpiscine.com\/","name":"2M Piscine Bagnols-sur-C\u00e8ze","description":"Vente de produits, mat\u00e9riel et accessoires pour piscine","publisher":{"@id":"https:\/\/2mpiscine.com\/#organization"},"potentialAction":[{"@type":"SearchAction","target":{"@type":"EntryPoint","urlTemplate":"https:\/\/2mpiscine.com\/?s={search_term_string}"},"query-input":{"@type":"PropertyValueSpecification","valueRequired":true,"valueName":"search_term_string"}}],"inLanguage":"fr-FR"},{"@type":"Organization","@id":"https:\/\/2mpiscine.com\/#organization","name":"2M Piscine Bagnols-sur-C\u00e8ze","url":"https:\/\/2mpiscine.com\/","logo":{"@type":"ImageObject","inLanguage":"fr-FR","@id":"https:\/\/2mpiscine.com\/#\/schema\/logo\/image\/","url":"https:\/\/2mpiscine.com\/wp-content\/uploads\/2024\/11\/cropped-2m-piscine-bagnols-sur-ceze.png","contentUrl":"https:\/\/2mpiscine.com\/wp-content\/uploads\/2024\/11\/cropped-2m-piscine-bagnols-sur-ceze.png","width":857,"height":250,"caption":"2M Piscine Bagnols-sur-C\u00e8ze"},"image":{"@id":"https:\/\/2mpiscine.com\/#\/schema\/logo\/image\/"}}]}},"_links":{"self":[{"href":"https:\/\/2mpiscine.com\/index.php\/wp-json\/wp\/v2\/pages\/16","targetHints":{"allow":["GET"]}}],"collection":[{"href":"https:\/\/2mpiscine.com\/index.php\/wp-json\/wp\/v2\/pages"}],"about":[{"href":"https:\/\/2mpiscine.com\/index.php\/wp-json\/wp\/v2\/types\/page"}],"author":[{"embeddable":true,"href":"https:\/\/2mpiscine.com\/index.php\/wp-json\/wp\/v2\/users\/1"}],"replies":[{"embeddable":true,"href":"https:\/\/2mpiscine.com\/index.php\/wp-json\/wp\/v2\/comments?post=16"}],"version-history":[{"count":4,"href":"https:\/\/2mpiscine.com\/index.php\/wp-json\/wp\/v2\/pages\/16\/revisions"}],"predecessor-version":[{"id":2015,"href":"https:\/\/2mpiscine.com\/index.php\/wp-json\/wp\/v2\/pages\/16\/revisions\/2015"}],"wp:attachment":[{"href":"https:\/\/2mpiscine.com\/index.php\/wp-json\/wp\/v2\/media?parent=16"}],"curies":[{"name":"wp","href":"https:\/\/api.w.org\/{rel}","templated":true}]}}