{"id":1347,"date":"2023-09-01T08:00:25","date_gmt":"2023-09-01T08:00:25","guid":{"rendered":"https:\/\/wp1.themevibrant.com\/newwp\/poolix\/?page_id=98"},"modified":"2024-11-19T13:13:37","modified_gmt":"2024-11-19T12:13:37","slug":"testimonials","status":"publish","type":"page","link":"https:\/\/2mpiscine.com\/index.php\/testimonials\/","title":{"rendered":"Avis clients"},"content":{"rendered":"\t\t<div data-elementor-type=\"wp-page\" data-elementor-id=\"1347\" class=\"elementor elementor-1347\">\n\t\t\t\t\t\t<section class=\"elementor-section elementor-top-section elementor-element elementor-element-bf570ae elementor-section-full_width elementor-section-height-default elementor-section-height-default\" data-id=\"bf570ae\" data-element_type=\"section\">\n\t\t\t\t\t\t<div class=\"elementor-container elementor-column-gap-no\">\n\t\t\t\t\t<div class=\"elementor-column elementor-col-100 elementor-top-column elementor-element elementor-element-30e68f5\" data-id=\"30e68f5\" data-element_type=\"column\">\n\t\t\t<div class=\"elementor-widget-wrap elementor-element-populated\">\n\t\t\t\t\t\t<section class=\"elementor-section elementor-inner-section elementor-element elementor-element-7ac98fe elementor-section-full_width elementor-section-height-default elementor-section-height-default\" data-id=\"7ac98fe\" data-element_type=\"section\">\n\t\t\t\t\t\t<div class=\"elementor-container elementor-column-gap-no\">\n\t\t\t\t\t<div class=\"elementor-column elementor-col-100 elementor-inner-column elementor-element elementor-element-c51cd91\" data-id=\"c51cd91\" data-element_type=\"column\">\n\t\t\t<div class=\"elementor-widget-wrap\">\n\t\t\t\t\t\t\t<\/div>\n\t\t<\/div>\n\t\t\t\t\t<\/div>\n\t\t<\/section>\n\t\t\t\t\t<\/div>\n\t\t<\/div>\n\t\t\t\t\t<\/div>\n\t\t<\/section>\n\t\t\t\t<section class=\"elementor-section elementor-top-section elementor-element elementor-element-a01bb4a elementor-section-full_width elementor-section-height-default elementor-section-height-default\" data-id=\"a01bb4a\" data-element_type=\"section\">\n\t\t\t\t\t\t<div class=\"elementor-container elementor-column-gap-no\">\n\t\t\t\t\t<div class=\"elementor-column elementor-col-100 elementor-top-column elementor-element elementor-element-2d964ad\" data-id=\"2d964ad\" data-element_type=\"column\">\n\t\t\t<div class=\"elementor-widget-wrap elementor-element-populated\">\n\t\t\t\t\t\t<section class=\"elementor-section elementor-inner-section elementor-element elementor-element-aa0ada4 elementor-section-boxed elementor-section-height-default elementor-section-height-default\" data-id=\"aa0ada4\" data-element_type=\"section\">\n\t\t\t\t\t\t<div class=\"elementor-container elementor-column-gap-default\">\n\t\t\t\t\t<div class=\"elementor-column elementor-col-100 elementor-inner-column elementor-element elementor-element-0343450\" data-id=\"0343450\" data-element_type=\"column\">\n\t\t\t<div class=\"elementor-widget-wrap elementor-element-populated\">\n\t\t\t\t\t\t<div class=\"elementor-element elementor-element-1fdcef6 elementor-widget elementor-widget-poolix_hero_title\" data-id=\"1fdcef6\" data-element_type=\"widget\" data-widget_type=\"poolix_hero_title.default\">\n\t\t\t\t<div class=\"elementor-widget-container\">\n\t\t\t    \n    <div class=\"section_heading poolix-title-wrap\">\n                <span class=\"section_heading_title_small\">Satisfaction<\/span>\n                \n\t\t        <h2 class=\"section_heading_title_big te-bn-title poolix-size-default\">Les avis complets <br>des clients de Muriel<\/h2>    \t        \n            <\/div>      \n    \n    \t\t<\/div>\n\t\t\t\t<\/div>\n\t\t\t\t\t<\/div>\n\t\t<\/div>\n\t\t\t\t\t<\/div>\n\t\t<\/section>\n\t\t\t\t<section class=\"elementor-section elementor-inner-section elementor-element elementor-element-165e001 elementor-section-boxed elementor-section-height-default elementor-section-height-default\" data-id=\"165e001\" data-element_type=\"section\">\n\t\t\t\t\t\t<div class=\"elementor-container elementor-column-gap-default\">\n\t\t\t\t\t<div class=\"elementor-column elementor-col-100 elementor-inner-column elementor-element elementor-element-04da441\" data-id=\"04da441\" data-element_type=\"column\">\n\t\t\t<div class=\"elementor-widget-wrap elementor-element-populated\">\n\t\t\t\t\t\t<div class=\"elementor-element elementor-element-be9edd5 elementor-widget elementor-widget-poolix_testimonial_grid\" data-id=\"be9edd5\" data-element_type=\"widget\" data-widget_type=\"poolix_testimonial_grid.default\">\n\t\t\t\t<div class=\"elementor-widget-container\">\n\t\t\t        \n\t\t        \n        <!--Start Testimonial Style1-->\n        <section class=\"poolix-testimonial-section\">            \n            <div class=\"row clearfix\">\n                                <div class=\"col-lg-4 col-md-6 col-sm-12 testimonial-block\">                    \n                    <div class=\"testimonial-2-block\">\n                        <div class=\"testimonial-thumb\">\n                            <figure class=\"thumb-box\"><\/figure>\n                            <div class=\"icon-box\"><i class=\"icon-25\"><\/i><\/div>\n                        <\/div>\n                        <p class=\"testi-text\">Venez rendre visite \u00e0 Muriel. Accueil tr\u00e8s chaleureux, de tr\u00e8s bons conseils. On trouve tout ce dont on a besoin avec des produits et accessoires\u2026<\/p>\n                        <h4>Il y a un an, <span>St\u00e9phane Declerk<\/span><\/h4>\n                        <div class=\"testimonial-1-rating\">\n                            <i class=\"icon-26\"><\/i><i class=\"icon-26\"><\/i><i class=\"icon-26\"><\/i><i class=\"icon-26\"><\/i><i class=\"icon-26\"><\/i>                        <\/div>                        \n                    <\/div>\n                <\/div>\n                                <div class=\"col-lg-4 col-md-6 col-sm-12 testimonial-block\">                    \n                    <div class=\"testimonial-2-block\">\n                        <div class=\"testimonial-thumb\">\n                            <figure class=\"thumb-box\"><\/figure>\n                            <div class=\"icon-box\"><i class=\"icon-25\"><\/i><\/div>\n                        <\/div>\n                        <p class=\"testi-text\">Je me suis laiss\u00e9 prendre par les quelques jours de chaleur de fin avril et ma piscine est devenue toute verte. Aucun traitement ne m'avait\u2026<\/p>\n                        <h4>Il y a 5 mois, <span>Raymond Thesnon<\/span><\/h4>\n                        <div class=\"testimonial-1-rating\">\n                            <i class=\"icon-26\"><\/i><i class=\"icon-26\"><\/i><i class=\"icon-26\"><\/i><i class=\"icon-26\"><\/i><i class=\"icon-26\"><\/i>                        <\/div>                        \n                    <\/div>\n                <\/div>\n                                <div class=\"col-lg-4 col-md-6 col-sm-12 testimonial-block\">                    \n                    <div class=\"testimonial-2-block\">\n                        <div class=\"testimonial-thumb\">\n                            <figure class=\"thumb-box\"><\/figure>\n                            <div class=\"icon-box\"><i class=\"icon-25\"><\/i><\/div>\n                        <\/div>\n                        <p class=\"testi-text\">Nous avons pouss\u00e9 la porte de 2M piscine (\u00e0 tout hasard) pour la premi\u00e8re fois fin ao\u00fbt. Nous avions un probl\u00e8me d'\u00e9tanch\u00e9it\u00e9 dans la piscine,\u2026<\/p>\n                        <h4>Il y a un an, <span>Pierre Mareau<\/span><\/h4>\n                        <div class=\"testimonial-1-rating\">\n                            <i class=\"icon-26\"><\/i><i class=\"icon-26\"><\/i><i class=\"icon-26\"><\/i><i class=\"icon-26\"><\/i><i class=\"icon-26\"><\/i>                        <\/div>                        \n                    <\/div>\n                <\/div>\n                                <div class=\"col-lg-4 col-md-6 col-sm-12 testimonial-block\">                    \n                    <div class=\"testimonial-2-block\">\n                        <div class=\"testimonial-thumb\">\n                            <figure class=\"thumb-box\"><\/figure>\n                            <div class=\"icon-box\"><i class=\"icon-25\"><\/i><\/div>\n                        <\/div>\n                        <p class=\"testi-text\">De tr\u00e8s bons conseils, le sourire en plus ! Novice dans le domaine de la piscine, j\u2019ai re\u00e7u de tr\u00e8s bons conseils, la g\u00e9rante du\u2026<\/p>\n                        <h4>Il y a 3 mois, <span>Frederic T<\/span><\/h4>\n                        <div class=\"testimonial-1-rating\">\n                            <i class=\"icon-26\"><\/i><i class=\"icon-26\"><\/i><i class=\"icon-26\"><\/i><i class=\"icon-26\"><\/i><i class=\"icon-26\"><\/i>                        <\/div>                        \n                    <\/div>\n                <\/div>\n                                <div class=\"col-lg-4 col-md-6 col-sm-12 testimonial-block\">                    \n                    <div class=\"testimonial-2-block\">\n                        <div class=\"testimonial-thumb\">\n                            <figure class=\"thumb-box\"><\/figure>\n                            <div class=\"icon-box\"><i class=\"icon-25\"><\/i><\/div>\n                        <\/div>\n                        <p class=\"testi-text\">Merci pour vos tr\u00e8s bons conseils ! J'ai appr\u00e9ci\u00e9 le fait que vous ne poussez pas \u00e0 la consommation et rester juste dans ce qu'il\u2026<\/p>\n                        <h4>Il y a 4 mois, <span>St\u00e9phanie Prat<\/span><\/h4>\n                        <div class=\"testimonial-1-rating\">\n                            <i class=\"icon-26\"><\/i><i class=\"icon-26\"><\/i><i class=\"icon-26\"><\/i><i class=\"icon-26\"><\/i><i class=\"icon-26\"><\/i>                        <\/div>                        \n                    <\/div>\n                <\/div>\n                                <div class=\"col-lg-4 col-md-6 col-sm-12 testimonial-block\">                    \n                    <div class=\"testimonial-2-block\">\n                        <div class=\"testimonial-thumb\">\n                            <figure class=\"thumb-box\"><\/figure>\n                            <div class=\"icon-box\"><i class=\"icon-25\"><\/i><\/div>\n                        <\/div>\n                        <p class=\"testi-text\">La G\u00e9rante est exceptionnelle !! ne cherche pas \u00e0 nous refiler des produits, elle prend le temps d'analyser l'eau et de fournir le meilleur traitement.\u2026<\/p>\n                        <h4>Il y a 7 mois, <span>Mareva Cros<\/span><\/h4>\n                        <div class=\"testimonial-1-rating\">\n                            <i class=\"icon-26\"><\/i><i class=\"icon-26\"><\/i><i class=\"icon-26\"><\/i><i class=\"icon-26\"><\/i><i class=\"icon-26\"><\/i>                        <\/div>                        \n                    <\/div>\n                <\/div>\n                            <\/div>\n        <\/section>\n        <!--End Testimonial Style1-->\n        \n                \t\t<\/div>\n\t\t\t\t<\/div>\n\t\t\t\t\t<\/div>\n\t\t<\/div>\n\t\t\t\t\t<\/div>\n\t\t<\/section>\n\t\t\t\t\t<\/div>\n\t\t<\/div>\n\t\t\t\t\t<\/div>\n\t\t<\/section>\n\t\t\t\t<\/div>\n\t\t","protected":false},"excerpt":{"rendered":"<p>Satisfaction Les avis complets des clients de Muriel Venez rendre visite \u00e0 Muriel. Accueil tr\u00e8s chaleureux, de tr\u00e8s bons conseils. On trouve tout ce dont on a besoin avec des produits et accessoires\u2026 Il y a un an, St\u00e9phane Declerk Je me suis laiss\u00e9 prendre par les quelques jours de chaleur de fin avril et [&hellip;]<\/p>\n","protected":false},"author":1,"featured_media":0,"parent":0,"menu_order":0,"comment_status":"closed","ping_status":"closed","template":"tpl-default-elementor.php","meta":{"footnotes":""},"class_list":["post-1347","page","type-page","status-publish","hentry"],"yoast_head":"<!-- This site is optimized with the Yoast SEO plugin v23.9 - https:\/\/yoast.com\/wordpress\/plugins\/seo\/ -->\n<title>Avis clients - 2M Piscine Bagnols-sur-C\u00e8ze<\/title>\n<meta name=\"robots\" content=\"index, follow, max-snippet:-1, max-image-preview:large, max-video-preview:-1\" \/>\n<link rel=\"canonical\" href=\"https:\/\/2mpiscine.com\/index.php\/testimonials\/\" \/>\n<meta property=\"og:locale\" content=\"fr_FR\" \/>\n<meta property=\"og:type\" content=\"article\" \/>\n<meta property=\"og:title\" content=\"Avis clients - 2M Piscine Bagnols-sur-C\u00e8ze\" \/>\n<meta property=\"og:description\" content=\"Satisfaction Les avis complets des clients de Muriel Venez rendre visite \u00e0 Muriel. Accueil tr\u00e8s chaleureux, de tr\u00e8s bons conseils. On trouve tout ce dont on a besoin avec des produits et accessoires\u2026 Il y a un an, St\u00e9phane Declerk Je me suis laiss\u00e9 prendre par les quelques jours de chaleur de fin avril et [&hellip;]\" \/>\n<meta property=\"og:url\" content=\"https:\/\/2mpiscine.com\/index.php\/testimonials\/\" \/>\n<meta property=\"og:site_name\" content=\"2M Piscine Bagnols-sur-C\u00e8ze\" \/>\n<meta property=\"article:modified_time\" content=\"2024-11-19T12:13:37+00:00\" \/>\n<meta name=\"twitter:card\" content=\"summary_large_image\" \/>\n<meta name=\"twitter:label1\" content=\"Dur\u00e9e de lecture estim\u00e9e\" \/>\n\t<meta name=\"twitter:data1\" content=\"1 minute\" \/>\n<script type=\"application\/ld+json\" class=\"yoast-schema-graph\">{\"@context\":\"https:\/\/schema.org\",\"@graph\":[{\"@type\":\"WebPage\",\"@id\":\"https:\/\/2mpiscine.com\/index.php\/testimonials\/\",\"url\":\"https:\/\/2mpiscine.com\/index.php\/testimonials\/\",\"name\":\"Avis clients - 2M Piscine Bagnols-sur-C\u00e8ze\",\"isPartOf\":{\"@id\":\"https:\/\/2mpiscine.com\/#website\"},\"datePublished\":\"2023-09-01T08:00:25+00:00\",\"dateModified\":\"2024-11-19T12:13:37+00:00\",\"breadcrumb\":{\"@id\":\"https:\/\/2mpiscine.com\/index.php\/testimonials\/#breadcrumb\"},\"inLanguage\":\"fr-FR\",\"potentialAction\":[{\"@type\":\"ReadAction\",\"target\":[\"https:\/\/2mpiscine.com\/index.php\/testimonials\/\"]}]},{\"@type\":\"BreadcrumbList\",\"@id\":\"https:\/\/2mpiscine.com\/index.php\/testimonials\/#breadcrumb\",\"itemListElement\":[{\"@type\":\"ListItem\",\"position\":1,\"name\":\"Accueil\",\"item\":\"https:\/\/2mpiscine.com\/\"},{\"@type\":\"ListItem\",\"position\":2,\"name\":\"Avis clients\"}]},{\"@type\":\"WebSite\",\"@id\":\"https:\/\/2mpiscine.com\/#website\",\"url\":\"https:\/\/2mpiscine.com\/\",\"name\":\"2M Piscine Bagnols-sur-C\u00e8ze\",\"description\":\"Vente de produits, mat\u00e9riel et accessoires pour piscine\",\"publisher\":{\"@id\":\"https:\/\/2mpiscine.com\/#organization\"},\"potentialAction\":[{\"@type\":\"SearchAction\",\"target\":{\"@type\":\"EntryPoint\",\"urlTemplate\":\"https:\/\/2mpiscine.com\/?s={search_term_string}\"},\"query-input\":{\"@type\":\"PropertyValueSpecification\",\"valueRequired\":true,\"valueName\":\"search_term_string\"}}],\"inLanguage\":\"fr-FR\"},{\"@type\":\"Organization\",\"@id\":\"https:\/\/2mpiscine.com\/#organization\",\"name\":\"2M Piscine Bagnols-sur-C\u00e8ze\",\"url\":\"https:\/\/2mpiscine.com\/\",\"logo\":{\"@type\":\"ImageObject\",\"inLanguage\":\"fr-FR\",\"@id\":\"https:\/\/2mpiscine.com\/#\/schema\/logo\/image\/\",\"url\":\"https:\/\/2mpiscine.com\/wp-content\/uploads\/2024\/11\/cropped-2m-piscine-bagnols-sur-ceze.png\",\"contentUrl\":\"https:\/\/2mpiscine.com\/wp-content\/uploads\/2024\/11\/cropped-2m-piscine-bagnols-sur-ceze.png\",\"width\":857,\"height\":250,\"caption\":\"2M Piscine Bagnols-sur-C\u00e8ze\"},\"image\":{\"@id\":\"https:\/\/2mpiscine.com\/#\/schema\/logo\/image\/\"}}]}<\/script>\n<!-- \/ Yoast SEO plugin. -->","yoast_head_json":{"title":"Avis clients - 2M Piscine Bagnols-sur-C\u00e8ze","robots":{"index":"index","follow":"follow","max-snippet":"max-snippet:-1","max-image-preview":"max-image-preview:large","max-video-preview":"max-video-preview:-1"},"canonical":"https:\/\/2mpiscine.com\/index.php\/testimonials\/","og_locale":"fr_FR","og_type":"article","og_title":"Avis clients - 2M Piscine Bagnols-sur-C\u00e8ze","og_description":"Satisfaction Les avis complets des clients de Muriel Venez rendre visite \u00e0 Muriel. Accueil tr\u00e8s chaleureux, de tr\u00e8s bons conseils. On trouve tout ce dont on a besoin avec des produits et accessoires\u2026 Il y a un an, St\u00e9phane Declerk Je me suis laiss\u00e9 prendre par les quelques jours de chaleur de fin avril et [&hellip;]","og_url":"https:\/\/2mpiscine.com\/index.php\/testimonials\/","og_site_name":"2M Piscine Bagnols-sur-C\u00e8ze","article_modified_time":"2024-11-19T12:13:37+00:00","twitter_card":"summary_large_image","twitter_misc":{"Dur\u00e9e de lecture estim\u00e9e":"1 minute"},"schema":{"@context":"https:\/\/schema.org","@graph":[{"@type":"WebPage","@id":"https:\/\/2mpiscine.com\/index.php\/testimonials\/","url":"https:\/\/2mpiscine.com\/index.php\/testimonials\/","name":"Avis clients - 2M Piscine Bagnols-sur-C\u00e8ze","isPartOf":{"@id":"https:\/\/2mpiscine.com\/#website"},"datePublished":"2023-09-01T08:00:25+00:00","dateModified":"2024-11-19T12:13:37+00:00","breadcrumb":{"@id":"https:\/\/2mpiscine.com\/index.php\/testimonials\/#breadcrumb"},"inLanguage":"fr-FR","potentialAction":[{"@type":"ReadAction","target":["https:\/\/2mpiscine.com\/index.php\/testimonials\/"]}]},{"@type":"BreadcrumbList","@id":"https:\/\/2mpiscine.com\/index.php\/testimonials\/#breadcrumb","itemListElement":[{"@type":"ListItem","position":1,"name":"Accueil","item":"https:\/\/2mpiscine.com\/"},{"@type":"ListItem","position":2,"name":"Avis clients"}]},{"@type":"WebSite","@id":"https:\/\/2mpiscine.com\/#website","url":"https:\/\/2mpiscine.com\/","name":"2M Piscine Bagnols-sur-C\u00e8ze","description":"Vente de produits, mat\u00e9riel et accessoires pour piscine","publisher":{"@id":"https:\/\/2mpiscine.com\/#organization"},"potentialAction":[{"@type":"SearchAction","target":{"@type":"EntryPoint","urlTemplate":"https:\/\/2mpiscine.com\/?s={search_term_string}"},"query-input":{"@type":"PropertyValueSpecification","valueRequired":true,"valueName":"search_term_string"}}],"inLanguage":"fr-FR"},{"@type":"Organization","@id":"https:\/\/2mpiscine.com\/#organization","name":"2M Piscine Bagnols-sur-C\u00e8ze","url":"https:\/\/2mpiscine.com\/","logo":{"@type":"ImageObject","inLanguage":"fr-FR","@id":"https:\/\/2mpiscine.com\/#\/schema\/logo\/image\/","url":"https:\/\/2mpiscine.com\/wp-content\/uploads\/2024\/11\/cropped-2m-piscine-bagnols-sur-ceze.png","contentUrl":"https:\/\/2mpiscine.com\/wp-content\/uploads\/2024\/11\/cropped-2m-piscine-bagnols-sur-ceze.png","width":857,"height":250,"caption":"2M Piscine Bagnols-sur-C\u00e8ze"},"image":{"@id":"https:\/\/2mpiscine.com\/#\/schema\/logo\/image\/"}}]}},"_links":{"self":[{"href":"https:\/\/2mpiscine.com\/index.php\/wp-json\/wp\/v2\/pages\/1347","targetHints":{"allow":["GET"]}}],"collection":[{"href":"https:\/\/2mpiscine.com\/index.php\/wp-json\/wp\/v2\/pages"}],"about":[{"href":"https:\/\/2mpiscine.com\/index.php\/wp-json\/wp\/v2\/types\/page"}],"author":[{"embeddable":true,"href":"https:\/\/2mpiscine.com\/index.php\/wp-json\/wp\/v2\/users\/1"}],"replies":[{"embeddable":true,"href":"https:\/\/2mpiscine.com\/index.php\/wp-json\/wp\/v2\/comments?post=1347"}],"version-history":[{"count":7,"href":"https:\/\/2mpiscine.com\/index.php\/wp-json\/wp\/v2\/pages\/1347\/revisions"}],"predecessor-version":[{"id":1963,"href":"https:\/\/2mpiscine.com\/index.php\/wp-json\/wp\/v2\/pages\/1347\/revisions\/1963"}],"wp:attachment":[{"href":"https:\/\/2mpiscine.com\/index.php\/wp-json\/wp\/v2\/media?parent=1347"}],"curies":[{"name":"wp","href":"https:\/\/api.w.org\/{rel}","templated":true}]}}